{"id":435,"date":"2021-09-23T21:25:43","date_gmt":"2021-09-23T21:25:43","guid":{"rendered":"https:\/\/manava-moorea-resort.ms.decms.eu\/restaurant-horaires-et-menus\/"},"modified":"2023-05-09T23:00:23","modified_gmt":"2023-05-09T23:00:23","slug":"restaurant-opening-hours-menus","status":"publish","type":"page","link":"https:\/\/www.manavamoorearesort.com\/en\/restaurant-opening-hours-menus\/","title":{"rendered":"Restaurant opening hours &amp; menus"},"content":{"rendered":"<p style=\"text-align: center\"><strong>Horaires d&#8217;ouverture\u00a0\u00a0 \/\u00a0 Opening hours<br \/>\n<\/strong><\/p>\n<p style=\"text-align: center\">Petit-d\u00e9jeuner &#8211; de <strong>6h00 \u00e0 10h00<\/strong><\/p>\n<p style=\"text-align: center\">Breakfast between <strong>6.00 a.m. to 10.00 a.m<\/strong><\/p>\n<p style=\"text-align: center\">&#8212;&#8211;<\/p>\n<p style=\"text-align: center\"><img loading=\"lazy\" decoding=\"async\" class=\"alignnone wp-image-611\" src=\"https:\/\/www.manavamoorearesort.com\/wp-content\/uploads\/sites\/341\/2021\/12\/publie-fenuarama--e1639427145406-300x122.png\" alt=\"\" width=\"330\" height=\"134\" srcset=\"https:\/\/www.manavamoorearesort.com\/wp-content\/uploads\/sites\/341\/2021\/12\/publie-fenuarama--e1639427145406-300x122.png 300w, https:\/\/www.manavamoorearesort.com\/wp-content\/uploads\/sites\/341\/2021\/12\/publie-fenuarama--e1639427145406-1024x417.png 1024w, https:\/\/www.manavamoorearesort.com\/wp-content\/uploads\/sites\/341\/2021\/12\/publie-fenuarama--e1639427145406-768x313.png 768w, https:\/\/www.manavamoorearesort.com\/wp-content\/uploads\/sites\/341\/2021\/12\/publie-fenuarama--e1639427145406-200x82.png 200w, https:\/\/www.manavamoorearesort.com\/wp-content\/uploads\/sites\/341\/2021\/12\/publie-fenuarama--e1639427145406-600x245.png 600w, https:\/\/www.manavamoorearesort.com\/wp-content\/uploads\/sites\/341\/2021\/12\/publie-fenuarama--e1639427145406-1000x408.png 1000w, https:\/\/www.manavamoorearesort.com\/wp-content\/uploads\/sites\/341\/2021\/12\/publie-fenuarama--e1639427145406.png 1200w\" sizes=\"auto, (max-width: 330px) 100vw, 330px\" \/><\/p>\n<p>&nbsp;<\/p>\n<p style=\"text-align: center\"><strong><span class=\"JsGRdQ\">9h \u00e0\u00a0<\/span><span class=\"JsGRdQ\">22h<\/span><\/strong><\/p>\n<p style=\"text-align: center\"><strong><span class=\"JsGRdQ\">9\u00a0a.m\u00a0to 10 p.m<\/span><\/strong><\/p>\n<p style=\"text-align: center\"><a href=\"http:\/\/www.manavamoorearesort.com\/wp-content\/uploads\/sites\/341\/2023\/03\/Menu-Miti-2023.pdf\">Menu Complet ici \/ <\/a><\/p>\n<p style=\"text-align: center\"><a href=\"http:\/\/www.manavamoorearesort.com\/wp-content\/uploads\/sites\/341\/2023\/03\/Menu-Miti-2023.pdf\">Click to see Full Menu<\/a><\/p>\n<p style=\"text-align: center\">&#8212;&#8211;<\/p>\n<p>&nbsp;<\/p>\n<p style=\"text-align: center\"><img loading=\"lazy\" decoding=\"async\" class=\"wp-image-434 aligncenter\" src=\"https:\/\/manava-moorea-resort.ms.decms.eu\/wp-content\/uploads\/sites\/341\/2021\/10\/mahanai-restaurant-FH-P1817-EC-300x199.png\" alt=\"\" width=\"198\" height=\"131\" srcset=\"https:\/\/www.manavamoorearesort.com\/wp-content\/uploads\/sites\/341\/2021\/10\/mahanai-restaurant-FH-P1817-EC-300x199.png 300w, https:\/\/www.manavamoorearesort.com\/wp-content\/uploads\/sites\/341\/2021\/10\/mahanai-restaurant-FH-P1817-EC-1024x680.png 1024w, https:\/\/www.manavamoorearesort.com\/wp-content\/uploads\/sites\/341\/2021\/10\/mahanai-restaurant-FH-P1817-EC-768x510.png 768w, https:\/\/www.manavamoorearesort.com\/wp-content\/uploads\/sites\/341\/2021\/10\/mahanai-restaurant-FH-P1817-EC-1536x1020.png 1536w, https:\/\/www.manavamoorearesort.com\/wp-content\/uploads\/sites\/341\/2021\/10\/mahanai-restaurant-FH-P1817-EC-200x133.png 200w, https:\/\/www.manavamoorearesort.com\/wp-content\/uploads\/sites\/341\/2021\/10\/mahanai-restaurant-FH-P1817-EC-600x399.png 600w, https:\/\/www.manavamoorearesort.com\/wp-content\/uploads\/sites\/341\/2021\/10\/mahanai-restaurant-FH-P1817-EC-1000x664.png 1000w, https:\/\/www.manavamoorearesort.com\/wp-content\/uploads\/sites\/341\/2021\/10\/mahanai-restaurant-FH-P1817-EC.png 1743w\" sizes=\"auto, (max-width: 198px) 100vw, 198px\" \/><\/p>\n<p>&nbsp;<\/p>\n<p style=\"text-align: center\">\u00a0\u00e0 la carte de <strong>18h00 \u00e0 21h00<\/strong> &#8211;<\/p>\n<p style=\"text-align: center\"><strong>6.00 p.m. to 9.00 p.m<\/strong><\/p>\n<p style=\"text-align: center\"><a href=\"http:\/\/www.manavamoorearesort.com\/wp-content\/uploads\/sites\/341\/2023\/03\/Mahanai-2023.pdf\">Menu Complet Ici \/ Click to see Full Menu<\/a><\/p>\n<p style=\"text-align: center\">\u00a0Happy Hour <strong>17h \u00e0 19h<\/strong>\u00a0 \/\u00a0<strong> 5 pm to 9 pm<\/strong><\/p>\n<p style=\"text-align: center\">Carte des vins \/ The Wine list &#8211;\u00a0<a href=\"http:\/\/www.manavamoorearesort.com\/wp-content\/uploads\/sites\/341\/2021\/12\/Carte-des-vins-MAJ-dec202147-1.pdf\">Menu VINS\u00a0Complet Ici\u00a0\/\u00a0Click to see Full Menu<\/a><\/p>\n<p style=\"text-align: center\">Room service 6<strong>h \u00e0 22h<\/strong>\u00a0 \/\u00a0<strong>\u00a06 am to 10 pm\u00a0<\/strong>&#8211;\u00a0<a href=\"http:\/\/www.manavamoorearesort.com\/wp-content\/uploads\/sites\/341\/2022\/06\/Carte-Room-Service-1-1.pdf\">Menu Complet Ici\u00a0\/\u00a0Click to see Full Menu<\/a><\/p>\n<p style=\"text-align: center\">&#8212;<\/p>\n<p>&nbsp;<\/p>\n","protected":false},"excerpt":{"rendered":"<p>Horaires d&#8217;ouverture\u00a0\u00a0 \/\u00a0 Opening hours Petit-d\u00e9jeuner &#8211; de 6h00 \u00e0 10h00 Breakfast between 6.00 a.m. to 10.00 a.m &#8212;&#8211; &nbsp; 9h \u00e0\u00a022h 9\u00a0a.m\u00a0to 10 p.m Menu Complet ici \/ Click to see Full Menu &#8212;&#8211; &nbsp; &nbsp; \u00a0\u00e0 la carte de 18h00 \u00e0 21h00 &#8211; 6.00 p.m. to 9.00 p.m Menu Complet Ici \/ Click [&hellip;]<\/p>\n","protected":false},"author":137,"featured_media":0,"parent":0,"menu_order":25,"comment_status":"closed","ping_status":"closed","template":"template-default-3.php","meta":{"footnotes":""},"class_list":["post-435","page","type-page","status-publish","hentry"],"yoast_head":"<!-- This site is optimized with the Yoast SEO plugin v26.9 - https:\/\/yoast.com\/product\/yoast-seo-wordpress\/ -->\n<title>Restaurant opening hours &amp; menus | Manava Moorea Resort<\/title>\n<meta name=\"robots\" content=\"index, follow, max-snippet:-1, max-image-preview:large, max-video-preview:-1\" \/>\n<link rel=\"canonical\" href=\"https:\/\/www.manavamoorearesort.com\/en\/restaurant-opening-hours-menus\/\" \/>\n<meta property=\"og:locale\" content=\"en_US\" \/>\n<meta property=\"og:type\" content=\"article\" \/>\n<meta property=\"og:title\" content=\"Restaurant opening hours &amp; menus | Manava Moorea Resort\" \/>\n<meta property=\"og:description\" content=\"Horaires d&#8217;ouverture\u00a0\u00a0 \/\u00a0 Opening hours Petit-d\u00e9jeuner &#8211; de 6h00 \u00e0 10h00 Breakfast between 6.00 a.m. to 10.00 a.m &#8212;&#8211; &nbsp; 9h \u00e0\u00a022h 9\u00a0a.m\u00a0to 10 p.m Menu Complet ici \/ Click to see Full Menu &#8212;&#8211; &nbsp; &nbsp; \u00a0\u00e0 la carte de 18h00 \u00e0 21h00 &#8211; 6.00 p.m. to 9.00 p.m Menu Complet Ici \/ Click [&hellip;]\" \/>\n<meta property=\"og:url\" content=\"https:\/\/www.manavamoorearesort.com\/en\/restaurant-opening-hours-menus\/\" \/>\n<meta property=\"og:site_name\" content=\"Manava Moorea Resort\" \/>\n<meta property=\"article:publisher\" content=\"https:\/\/www.facebook.com\/manavabeachresortmoorea\/\" \/>\n<meta property=\"article:modified_time\" content=\"2023-05-09T23:00:23+00:00\" \/>\n<meta property=\"og:image\" content=\"https:\/\/www.manavamoorearesort.com\/wp-content\/uploads\/sites\/341\/2021\/12\/publie-fenuarama--e1639427145406-300x122.png\" \/>\n<meta name=\"twitter:card\" content=\"summary_large_image\" \/>\n<meta name=\"twitter:label1\" content=\"Est. reading time\" \/>\n\t<meta name=\"twitter:data1\" content=\"2 minutes\" \/>\n<script type=\"application\/ld+json\" class=\"yoast-schema-graph\">{\"@context\":\"https:\/\/schema.org\",\"@graph\":[{\"@type\":\"WebPage\",\"@id\":\"https:\/\/www.manavamoorearesort.com\/en\/restaurant-opening-hours-menus\/\",\"url\":\"https:\/\/www.manavamoorearesort.com\/en\/restaurant-opening-hours-menus\/\",\"name\":\"Restaurant opening hours &amp; menus | Manava Moorea Resort\",\"isPartOf\":{\"@id\":\"https:\/\/www.manavamoorearesort.com\/en\/#website\"},\"primaryImageOfPage\":{\"@id\":\"https:\/\/www.manavamoorearesort.com\/en\/restaurant-opening-hours-menus\/#primaryimage\"},\"image\":{\"@id\":\"https:\/\/www.manavamoorearesort.com\/en\/restaurant-opening-hours-menus\/#primaryimage\"},\"thumbnailUrl\":\"https:\/\/www.manavamoorearesort.com\/wp-content\/uploads\/sites\/341\/2021\/12\/publie-fenuarama--e1639427145406-300x122.png\",\"datePublished\":\"2021-09-23T21:25:43+00:00\",\"dateModified\":\"2023-05-09T23:00:23+00:00\",\"breadcrumb\":{\"@id\":\"https:\/\/www.manavamoorearesort.com\/en\/restaurant-opening-hours-menus\/#breadcrumb\"},\"inLanguage\":\"en-US\",\"potentialAction\":[{\"@type\":\"ReadAction\",\"target\":[\"https:\/\/www.manavamoorearesort.com\/en\/restaurant-opening-hours-menus\/\"]}]},{\"@type\":\"ImageObject\",\"inLanguage\":\"en-US\",\"@id\":\"https:\/\/www.manavamoorearesort.com\/en\/restaurant-opening-hours-menus\/#primaryimage\",\"url\":\"https:\/\/www.manavamoorearesort.com\/wp-content\/uploads\/sites\/341\/2021\/12\/publie-fenuarama--e1639427145406-300x122.png\",\"contentUrl\":\"https:\/\/www.manavamoorearesort.com\/wp-content\/uploads\/sites\/341\/2021\/12\/publie-fenuarama--e1639427145406-300x122.png\"},{\"@type\":\"BreadcrumbList\",\"@id\":\"https:\/\/www.manavamoorearesort.com\/en\/restaurant-opening-hours-menus\/#breadcrumb\",\"itemListElement\":[{\"@type\":\"ListItem\",\"position\":1,\"name\":\"Home\",\"item\":\"https:\/\/www.manavamoorearesort.com\/en\/\"},{\"@type\":\"ListItem\",\"position\":2,\"name\":\"Restaurants &amp; Bar\",\"item\":\"https:\/\/www.manavamoorearesort.com\/en\/restaurant-and-bars\/\"},{\"@type\":\"ListItem\",\"position\":3,\"name\":\"Restaurant opening hours &amp; menus\"}]},{\"@type\":\"WebSite\",\"@id\":\"https:\/\/www.manavamoorearesort.com\/en\/#website\",\"url\":\"https:\/\/www.manavamoorearesort.com\/en\/\",\"name\":\"Manava Moorea Resort\",\"description\":\"\",\"publisher\":{\"@id\":\"https:\/\/www.manavamoorearesort.com\/en\/#organization\"},\"potentialAction\":[{\"@type\":\"SearchAction\",\"target\":{\"@type\":\"EntryPoint\",\"urlTemplate\":\"https:\/\/www.manavamoorearesort.com\/en\/?s={search_term_string}\"},\"query-input\":{\"@type\":\"PropertyValueSpecification\",\"valueRequired\":true,\"valueName\":\"search_term_string\"}}],\"inLanguage\":\"en-US\"},{\"@type\":\"Organization\",\"@id\":\"https:\/\/www.manavamoorearesort.com\/en\/#organization\",\"name\":\"Manava Beach Resort & Spa Moorea\",\"url\":\"https:\/\/www.manavamoorearesort.com\/en\/\",\"logo\":{\"@type\":\"ImageObject\",\"inLanguage\":\"en-US\",\"@id\":\"https:\/\/www.manavamoorearesort.com\/en\/#\/schema\/logo\/image\/\",\"url\":\"https:\/\/www.manavamoorearesort.com\/wp-content\/uploads\/sites\/341\/2021\/09\/fb_sm_instagram_2623535123099229084_3454569421_user.jpg\",\"contentUrl\":\"https:\/\/www.manavamoorearesort.com\/wp-content\/uploads\/sites\/341\/2021\/09\/fb_sm_instagram_2623535123099229084_3454569421_user.jpg\",\"width\":150,\"height\":150,\"caption\":\"Manava Beach Resort & Spa Moorea\"},\"image\":{\"@id\":\"https:\/\/www.manavamoorearesort.com\/en\/#\/schema\/logo\/image\/\"},\"sameAs\":[\"https:\/\/www.facebook.com\/manavabeachresortmoorea\/\",\"https:\/\/www.instagram.com\/manavamoorea\/\",\"https:\/\/www.linkedin.com\/company\/manava-beach-resort-spa-moorea\",\"https:\/\/www.youtube.com\/watch?v=EoDKsV9YNRQ\"]}]}<\/script>\n<!-- \/ Yoast SEO plugin. -->","yoast_head_json":{"title":"Restaurant opening hours &amp; menus | Manava Moorea Resort","robots":{"index":"index","follow":"follow","max-snippet":"max-snippet:-1","max-image-preview":"max-image-preview:large","max-video-preview":"max-video-preview:-1"},"canonical":"https:\/\/www.manavamoorearesort.com\/en\/restaurant-opening-hours-menus\/","og_locale":"en_US","og_type":"article","og_title":"Restaurant opening hours &amp; menus | Manava Moorea Resort","og_description":"Horaires d&#8217;ouverture\u00a0\u00a0 \/\u00a0 Opening hours Petit-d\u00e9jeuner &#8211; de 6h00 \u00e0 10h00 Breakfast between 6.00 a.m. to 10.00 a.m &#8212;&#8211; &nbsp; 9h \u00e0\u00a022h 9\u00a0a.m\u00a0to 10 p.m Menu Complet ici \/ Click to see Full Menu &#8212;&#8211; &nbsp; &nbsp; \u00a0\u00e0 la carte de 18h00 \u00e0 21h00 &#8211; 6.00 p.m. to 9.00 p.m Menu Complet Ici \/ Click [&hellip;]","og_url":"https:\/\/www.manavamoorearesort.com\/en\/restaurant-opening-hours-menus\/","og_site_name":"Manava Moorea Resort","article_publisher":"https:\/\/www.facebook.com\/manavabeachresortmoorea\/","article_modified_time":"2023-05-09T23:00:23+00:00","og_image":[{"url":"https:\/\/www.manavamoorearesort.com\/wp-content\/uploads\/sites\/341\/2021\/12\/publie-fenuarama--e1639427145406-300x122.png","type":"","width":"","height":""}],"twitter_card":"summary_large_image","twitter_misc":{"Est. reading time":"2 minutes"},"schema":{"@context":"https:\/\/schema.org","@graph":[{"@type":"WebPage","@id":"https:\/\/www.manavamoorearesort.com\/en\/restaurant-opening-hours-menus\/","url":"https:\/\/www.manavamoorearesort.com\/en\/restaurant-opening-hours-menus\/","name":"Restaurant opening hours &amp; menus | Manava Moorea Resort","isPartOf":{"@id":"https:\/\/www.manavamoorearesort.com\/en\/#website"},"primaryImageOfPage":{"@id":"https:\/\/www.manavamoorearesort.com\/en\/restaurant-opening-hours-menus\/#primaryimage"},"image":{"@id":"https:\/\/www.manavamoorearesort.com\/en\/restaurant-opening-hours-menus\/#primaryimage"},"thumbnailUrl":"https:\/\/www.manavamoorearesort.com\/wp-content\/uploads\/sites\/341\/2021\/12\/publie-fenuarama--e1639427145406-300x122.png","datePublished":"2021-09-23T21:25:43+00:00","dateModified":"2023-05-09T23:00:23+00:00","breadcrumb":{"@id":"https:\/\/www.manavamoorearesort.com\/en\/restaurant-opening-hours-menus\/#breadcrumb"},"inLanguage":"en-US","potentialAction":[{"@type":"ReadAction","target":["https:\/\/www.manavamoorearesort.com\/en\/restaurant-opening-hours-menus\/"]}]},{"@type":"ImageObject","inLanguage":"en-US","@id":"https:\/\/www.manavamoorearesort.com\/en\/restaurant-opening-hours-menus\/#primaryimage","url":"https:\/\/www.manavamoorearesort.com\/wp-content\/uploads\/sites\/341\/2021\/12\/publie-fenuarama--e1639427145406-300x122.png","contentUrl":"https:\/\/www.manavamoorearesort.com\/wp-content\/uploads\/sites\/341\/2021\/12\/publie-fenuarama--e1639427145406-300x122.png"},{"@type":"BreadcrumbList","@id":"https:\/\/www.manavamoorearesort.com\/en\/restaurant-opening-hours-menus\/#breadcrumb","itemListElement":[{"@type":"ListItem","position":1,"name":"Home","item":"https:\/\/www.manavamoorearesort.com\/en\/"},{"@type":"ListItem","position":2,"name":"Restaurants &amp; Bar","item":"https:\/\/www.manavamoorearesort.com\/en\/restaurant-and-bars\/"},{"@type":"ListItem","position":3,"name":"Restaurant opening hours &amp; menus"}]},{"@type":"WebSite","@id":"https:\/\/www.manavamoorearesort.com\/en\/#website","url":"https:\/\/www.manavamoorearesort.com\/en\/","name":"Manava Moorea Resort","description":"","publisher":{"@id":"https:\/\/www.manavamoorearesort.com\/en\/#organization"},"potentialAction":[{"@type":"SearchAction","target":{"@type":"EntryPoint","urlTemplate":"https:\/\/www.manavamoorearesort.com\/en\/?s={search_term_string}"},"query-input":{"@type":"PropertyValueSpecification","valueRequired":true,"valueName":"search_term_string"}}],"inLanguage":"en-US"},{"@type":"Organization","@id":"https:\/\/www.manavamoorearesort.com\/en\/#organization","name":"Manava Beach Resort & Spa Moorea","url":"https:\/\/www.manavamoorearesort.com\/en\/","logo":{"@type":"ImageObject","inLanguage":"en-US","@id":"https:\/\/www.manavamoorearesort.com\/en\/#\/schema\/logo\/image\/","url":"https:\/\/www.manavamoorearesort.com\/wp-content\/uploads\/sites\/341\/2021\/09\/fb_sm_instagram_2623535123099229084_3454569421_user.jpg","contentUrl":"https:\/\/www.manavamoorearesort.com\/wp-content\/uploads\/sites\/341\/2021\/09\/fb_sm_instagram_2623535123099229084_3454569421_user.jpg","width":150,"height":150,"caption":"Manava Beach Resort & Spa Moorea"},"image":{"@id":"https:\/\/www.manavamoorearesort.com\/en\/#\/schema\/logo\/image\/"},"sameAs":["https:\/\/www.facebook.com\/manavabeachresortmoorea\/","https:\/\/www.instagram.com\/manavamoorea\/","https:\/\/www.linkedin.com\/company\/manava-beach-resort-spa-moorea","https:\/\/www.youtube.com\/watch?v=EoDKsV9YNRQ"]}]}},"acf":[],"_links":{"self":[{"href":"https:\/\/www.manavamoorearesort.com\/en\/wp-json\/wp\/v2\/pages\/435","targetHints":{"allow":["GET"]}}],"collection":[{"href":"https:\/\/www.manavamoorearesort.com\/en\/wp-json\/wp\/v2\/pages"}],"about":[{"href":"https:\/\/www.manavamoorearesort.com\/en\/wp-json\/wp\/v2\/types\/page"}],"author":[{"embeddable":true,"href":"https:\/\/www.manavamoorearesort.com\/en\/wp-json\/wp\/v2\/users\/137"}],"replies":[{"embeddable":true,"href":"https:\/\/www.manavamoorearesort.com\/en\/wp-json\/wp\/v2\/comments?post=435"}],"version-history":[{"count":0,"href":"https:\/\/www.manavamoorearesort.com\/en\/wp-json\/wp\/v2\/pages\/435\/revisions"}],"wp:attachment":[{"href":"https:\/\/www.manavamoorearesort.com\/en\/wp-json\/wp\/v2\/media?parent=435"}],"curies":[{"name":"wp","href":"https:\/\/api.w.org\/{rel}","templated":true}]}}