{"id":391,"date":"2021-09-05T20:59:56","date_gmt":"2021-09-05T20:59:56","guid":{"rendered":"https:\/\/manava-moorea-resort.ms.decms.eu\/activities-spa\/manea-spa\/produits-manea-spa-100-naturels\/"},"modified":"2021-10-20T15:38:29","modified_gmt":"2021-10-20T15:38:29","slug":"manea-spa-products-100-natural","status":"publish","type":"page","link":"https:\/\/www.manavamoorearesort.com\/en\/maeva-bienvenue\/activities-spa\/manea-spa\/manea-spa-products-100-natural\/","title":{"rendered":"Manea Spa Products &#8211; 100% Natural"},"content":{"rendered":"<p>Natural products and oils are used in all treatments and sourced from islands throughout Polynesia \u2013 pineapple from Moorea, Tiare from Tahiti, pure white sand from Bora Bora, vanilla from Taha\u2019a and monoi and flower essences from the Marquesas..<\/p>\n","protected":false},"excerpt":{"rendered":"<p>Natural products and oils are used in all treatments and sourced from islands throughout Polynesia \u2013 pineapple from Moorea, Tiare from Tahiti, pure white sand from Bora Bora, vanilla from Taha\u2019a and monoi and flower essences from the Marquesas..<\/p>\n","protected":false},"author":137,"featured_media":0,"parent":385,"menu_order":40,"comment_status":"closed","ping_status":"closed","template":"template-single-spa.php","meta":{"footnotes":""},"class_list":["post-391","page","type-page","status-publish","hentry"],"yoast_head":"<!-- This site is optimized with the Yoast SEO plugin v26.9 - https:\/\/yoast.com\/product\/yoast-seo-wordpress\/ -->\n<title>Produits Manea Spa Moorea 100% Naturels - Manava Beach Resort &amp; Spa Hotel Moorea<\/title>\n<meta name=\"description\" content=\"Chaque traitement recours \u00e0 des huiles et produits naturels provenant des \u00eeles de Polyn\u00e9sie\" \/>\n<meta name=\"robots\" content=\"index, follow, max-snippet:-1, max-image-preview:large, max-video-preview:-1\" \/>\n<link rel=\"canonical\" href=\"https:\/\/www.manavamoorearesort.com\/en\/maeva-bienvenue\/activities-spa\/manea-spa\/manea-spa-products-100-natural\/\" \/>\n<meta property=\"og:locale\" content=\"en_US\" \/>\n<meta property=\"og:type\" content=\"article\" \/>\n<meta property=\"og:title\" content=\"Produits Manea Spa Moorea 100% Naturels - Manava Beach Resort &amp; Spa Hotel Moorea\" \/>\n<meta property=\"og:description\" content=\"Chaque traitement recours \u00e0 des huiles et produits naturels provenant des \u00eeles de Polyn\u00e9sie\" \/>\n<meta property=\"og:url\" content=\"https:\/\/www.manavamoorearesort.com\/en\/maeva-bienvenue\/activities-spa\/manea-spa\/manea-spa-products-100-natural\/\" \/>\n<meta property=\"og:site_name\" content=\"Manava Moorea Resort\" \/>\n<meta property=\"article:publisher\" content=\"https:\/\/www.facebook.com\/manavabeachresortmoorea\/\" \/>\n<meta property=\"article:modified_time\" content=\"2021-10-20T15:38:29+00:00\" \/>\n<meta property=\"og:image\" content=\"https:\/\/www.manavamoorearesort.com\/wp-content\/uploads\/sites\/341\/2021\/11\/MBRM-Overwater-HD-\u00ae-TMK-68.jpg\" \/>\n\t<meta property=\"og:image:width\" content=\"2000\" \/>\n\t<meta property=\"og:image:height\" content=\"1200\" \/>\n\t<meta property=\"og:image:type\" content=\"image\/jpeg\" \/>\n<meta name=\"twitter:card\" content=\"summary_large_image\" \/>\n<meta name=\"twitter:label1\" content=\"Est. reading time\" \/>\n\t<meta name=\"twitter:data1\" content=\"1 minute\" \/>\n<script type=\"application\/ld+json\" class=\"yoast-schema-graph\">{\"@context\":\"https:\/\/schema.org\",\"@graph\":[{\"@type\":\"WebPage\",\"@id\":\"https:\/\/www.manavamoorearesort.com\/en\/maeva-bienvenue\/activities-spa\/manea-spa\/manea-spa-products-100-natural\/\",\"url\":\"https:\/\/www.manavamoorearesort.com\/en\/maeva-bienvenue\/activities-spa\/manea-spa\/manea-spa-products-100-natural\/\",\"name\":\"Produits Manea Spa Moorea 100% Naturels - Manava Beach Resort & Spa Hotel Moorea\",\"isPartOf\":{\"@id\":\"https:\/\/www.manavamoorearesort.com\/en\/#website\"},\"datePublished\":\"2021-09-05T20:59:56+00:00\",\"dateModified\":\"2021-10-20T15:38:29+00:00\",\"description\":\"Chaque traitement recours \u00e0 des huiles et produits naturels provenant des \u00eeles de Polyn\u00e9sie\",\"breadcrumb\":{\"@id\":\"https:\/\/www.manavamoorearesort.com\/en\/maeva-bienvenue\/activities-spa\/manea-spa\/manea-spa-products-100-natural\/#breadcrumb\"},\"inLanguage\":\"en-US\",\"potentialAction\":[{\"@type\":\"ReadAction\",\"target\":[\"https:\/\/www.manavamoorearesort.com\/en\/maeva-bienvenue\/activities-spa\/manea-spa\/manea-spa-products-100-natural\/\"]}]},{\"@type\":\"BreadcrumbList\",\"@id\":\"https:\/\/www.manavamoorearesort.com\/en\/maeva-bienvenue\/activities-spa\/manea-spa\/manea-spa-products-100-natural\/#breadcrumb\",\"itemListElement\":[{\"@type\":\"ListItem\",\"position\":1,\"name\":\"Home\",\"item\":\"https:\/\/www.manavamoorearesort.com\/en\/\"},{\"@type\":\"ListItem\",\"position\":2,\"name\":\"\u2018A fari\u2019i i te varua o te fenua\",\"item\":\"https:\/\/www.manavamoorearesort.com\/en\/\"},{\"@type\":\"ListItem\",\"position\":3,\"name\":\"Activities\",\"item\":\"https:\/\/www.manavamoorearesort.com\/en\/maeva-bienvenue\/activities-spa\/\"},{\"@type\":\"ListItem\",\"position\":4,\"name\":\"Manea Spa\",\"item\":\"https:\/\/www.manavamoorearesort.com\/en\/maeva-bienvenue\/activities-spa\/manea-spa\/\"},{\"@type\":\"ListItem\",\"position\":5,\"name\":\"Manea Spa Products &#8211; 100% Natural\"}]},{\"@type\":\"WebSite\",\"@id\":\"https:\/\/www.manavamoorearesort.com\/en\/#website\",\"url\":\"https:\/\/www.manavamoorearesort.com\/en\/\",\"name\":\"Manava Moorea Resort\",\"description\":\"\",\"publisher\":{\"@id\":\"https:\/\/www.manavamoorearesort.com\/en\/#organization\"},\"potentialAction\":[{\"@type\":\"SearchAction\",\"target\":{\"@type\":\"EntryPoint\",\"urlTemplate\":\"https:\/\/www.manavamoorearesort.com\/en\/?s={search_term_string}\"},\"query-input\":{\"@type\":\"PropertyValueSpecification\",\"valueRequired\":true,\"valueName\":\"search_term_string\"}}],\"inLanguage\":\"en-US\"},{\"@type\":\"Organization\",\"@id\":\"https:\/\/www.manavamoorearesort.com\/en\/#organization\",\"name\":\"Manava Beach Resort & Spa Moorea\",\"url\":\"https:\/\/www.manavamoorearesort.com\/en\/\",\"logo\":{\"@type\":\"ImageObject\",\"inLanguage\":\"en-US\",\"@id\":\"https:\/\/www.manavamoorearesort.com\/en\/#\/schema\/logo\/image\/\",\"url\":\"https:\/\/www.manavamoorearesort.com\/wp-content\/uploads\/sites\/341\/2021\/09\/fb_sm_instagram_2623535123099229084_3454569421_user.jpg\",\"contentUrl\":\"https:\/\/www.manavamoorearesort.com\/wp-content\/uploads\/sites\/341\/2021\/09\/fb_sm_instagram_2623535123099229084_3454569421_user.jpg\",\"width\":150,\"height\":150,\"caption\":\"Manava Beach Resort & Spa Moorea\"},\"image\":{\"@id\":\"https:\/\/www.manavamoorearesort.com\/en\/#\/schema\/logo\/image\/\"},\"sameAs\":[\"https:\/\/www.facebook.com\/manavabeachresortmoorea\/\",\"https:\/\/www.instagram.com\/manavamoorea\/\",\"https:\/\/www.linkedin.com\/company\/manava-beach-resort-spa-moorea\",\"https:\/\/www.youtube.com\/watch?v=EoDKsV9YNRQ\"]}]}<\/script>\n<!-- \/ Yoast SEO plugin. -->","yoast_head_json":{"title":"Produits Manea Spa Moorea 100% Naturels - Manava Beach Resort & Spa Hotel Moorea","description":"Chaque traitement recours \u00e0 des huiles et produits naturels provenant des \u00eeles de Polyn\u00e9sie","robots":{"index":"index","follow":"follow","max-snippet":"max-snippet:-1","max-image-preview":"max-image-preview:large","max-video-preview":"max-video-preview:-1"},"canonical":"https:\/\/www.manavamoorearesort.com\/en\/maeva-bienvenue\/activities-spa\/manea-spa\/manea-spa-products-100-natural\/","og_locale":"en_US","og_type":"article","og_title":"Produits Manea Spa Moorea 100% Naturels - Manava Beach Resort & Spa Hotel Moorea","og_description":"Chaque traitement recours \u00e0 des huiles et produits naturels provenant des \u00eeles de Polyn\u00e9sie","og_url":"https:\/\/www.manavamoorearesort.com\/en\/maeva-bienvenue\/activities-spa\/manea-spa\/manea-spa-products-100-natural\/","og_site_name":"Manava Moorea Resort","article_publisher":"https:\/\/www.facebook.com\/manavabeachresortmoorea\/","article_modified_time":"2021-10-20T15:38:29+00:00","og_image":[{"width":2000,"height":1200,"url":"https:\/\/www.manavamoorearesort.com\/wp-content\/uploads\/sites\/341\/2021\/11\/MBRM-Overwater-HD-\u00ae-TMK-68.jpg","type":"image\/jpeg"}],"twitter_card":"summary_large_image","twitter_misc":{"Est. reading time":"1 minute"},"schema":{"@context":"https:\/\/schema.org","@graph":[{"@type":"WebPage","@id":"https:\/\/www.manavamoorearesort.com\/en\/maeva-bienvenue\/activities-spa\/manea-spa\/manea-spa-products-100-natural\/","url":"https:\/\/www.manavamoorearesort.com\/en\/maeva-bienvenue\/activities-spa\/manea-spa\/manea-spa-products-100-natural\/","name":"Produits Manea Spa Moorea 100% Naturels - Manava Beach Resort & Spa Hotel Moorea","isPartOf":{"@id":"https:\/\/www.manavamoorearesort.com\/en\/#website"},"datePublished":"2021-09-05T20:59:56+00:00","dateModified":"2021-10-20T15:38:29+00:00","description":"Chaque traitement recours \u00e0 des huiles et produits naturels provenant des \u00eeles de Polyn\u00e9sie","breadcrumb":{"@id":"https:\/\/www.manavamoorearesort.com\/en\/maeva-bienvenue\/activities-spa\/manea-spa\/manea-spa-products-100-natural\/#breadcrumb"},"inLanguage":"en-US","potentialAction":[{"@type":"ReadAction","target":["https:\/\/www.manavamoorearesort.com\/en\/maeva-bienvenue\/activities-spa\/manea-spa\/manea-spa-products-100-natural\/"]}]},{"@type":"BreadcrumbList","@id":"https:\/\/www.manavamoorearesort.com\/en\/maeva-bienvenue\/activities-spa\/manea-spa\/manea-spa-products-100-natural\/#breadcrumb","itemListElement":[{"@type":"ListItem","position":1,"name":"Home","item":"https:\/\/www.manavamoorearesort.com\/en\/"},{"@type":"ListItem","position":2,"name":"\u2018A fari\u2019i i te varua o te fenua","item":"https:\/\/www.manavamoorearesort.com\/en\/"},{"@type":"ListItem","position":3,"name":"Activities","item":"https:\/\/www.manavamoorearesort.com\/en\/maeva-bienvenue\/activities-spa\/"},{"@type":"ListItem","position":4,"name":"Manea Spa","item":"https:\/\/www.manavamoorearesort.com\/en\/maeva-bienvenue\/activities-spa\/manea-spa\/"},{"@type":"ListItem","position":5,"name":"Manea Spa Products &#8211; 100% Natural"}]},{"@type":"WebSite","@id":"https:\/\/www.manavamoorearesort.com\/en\/#website","url":"https:\/\/www.manavamoorearesort.com\/en\/","name":"Manava Moorea Resort","description":"","publisher":{"@id":"https:\/\/www.manavamoorearesort.com\/en\/#organization"},"potentialAction":[{"@type":"SearchAction","target":{"@type":"EntryPoint","urlTemplate":"https:\/\/www.manavamoorearesort.com\/en\/?s={search_term_string}"},"query-input":{"@type":"PropertyValueSpecification","valueRequired":true,"valueName":"search_term_string"}}],"inLanguage":"en-US"},{"@type":"Organization","@id":"https:\/\/www.manavamoorearesort.com\/en\/#organization","name":"Manava Beach Resort & Spa Moorea","url":"https:\/\/www.manavamoorearesort.com\/en\/","logo":{"@type":"ImageObject","inLanguage":"en-US","@id":"https:\/\/www.manavamoorearesort.com\/en\/#\/schema\/logo\/image\/","url":"https:\/\/www.manavamoorearesort.com\/wp-content\/uploads\/sites\/341\/2021\/09\/fb_sm_instagram_2623535123099229084_3454569421_user.jpg","contentUrl":"https:\/\/www.manavamoorearesort.com\/wp-content\/uploads\/sites\/341\/2021\/09\/fb_sm_instagram_2623535123099229084_3454569421_user.jpg","width":150,"height":150,"caption":"Manava Beach Resort & Spa Moorea"},"image":{"@id":"https:\/\/www.manavamoorearesort.com\/en\/#\/schema\/logo\/image\/"},"sameAs":["https:\/\/www.facebook.com\/manavabeachresortmoorea\/","https:\/\/www.instagram.com\/manavamoorea\/","https:\/\/www.linkedin.com\/company\/manava-beach-resort-spa-moorea","https:\/\/www.youtube.com\/watch?v=EoDKsV9YNRQ"]}]}},"acf":[],"_links":{"self":[{"href":"https:\/\/www.manavamoorearesort.com\/en\/wp-json\/wp\/v2\/pages\/391","targetHints":{"allow":["GET"]}}],"collection":[{"href":"https:\/\/www.manavamoorearesort.com\/en\/wp-json\/wp\/v2\/pages"}],"about":[{"href":"https:\/\/www.manavamoorearesort.com\/en\/wp-json\/wp\/v2\/types\/page"}],"author":[{"embeddable":true,"href":"https:\/\/www.manavamoorearesort.com\/en\/wp-json\/wp\/v2\/users\/137"}],"replies":[{"embeddable":true,"href":"https:\/\/www.manavamoorearesort.com\/en\/wp-json\/wp\/v2\/comments?post=391"}],"version-history":[{"count":0,"href":"https:\/\/www.manavamoorearesort.com\/en\/wp-json\/wp\/v2\/pages\/391\/revisions"}],"up":[{"embeddable":true,"href":"https:\/\/www.manavamoorearesort.com\/en\/wp-json\/wp\/v2\/pages\/385"}],"wp:attachment":[{"href":"https:\/\/www.manavamoorearesort.com\/en\/wp-json\/wp\/v2\/media?parent=391"}],"curies":[{"name":"wp","href":"https:\/\/api.w.org\/{rel}","templated":true}]}}